{"id":1745,"date":"2025-08-29T21:46:28","date_gmt":"2025-08-29T19:46:28","guid":{"rendered":"https:\/\/presses-itcj.ci\/?post_type=product&#038;p=1745"},"modified":"2025-08-29T21:46:28","modified_gmt":"2025-08-29T19:46:28","slug":"carrefour-des-exegetes-2","status":"publish","type":"product","link":"https:\/\/presses-itcj.ci\/index.php\/produit\/carrefour-des-exegetes-2\/","title":{"rendered":"Carrefour des ex\u00e9g\u00e8tes"},"content":{"rendered":"<p>La pr\u00e9sente publication produite en collaboration avec la maison d\u2019\u00e9dition de la Gr\u00e9gorienne est la premi\u00e8re de la nouvelle collection <em>Kitabu na Neno <\/em>(en Kswahili) &#8211; livre et Parole &#8211; consacr\u00e9e \u00e0 l\u2019\u00e9tude scientifique des Saintes Ecritures. Les contributions proviennent, \u00e0 une exception pr\u00e8s, des conf\u00e9rences bibliques de la Chaire Cardinal Laurent Monsengwo Pasinya de l\u2019Institut de Th\u00e9ologie de la Compagnie de J\u00e9sus (ITCJ ) \u00e0 Abidjan\u00a0 (C\u00f4te d\u2019Ivoire).<\/p>\n","protected":false},"excerpt":{"rendered":"<p>La pr\u00e9sente publication produite en collaboration avec la maison d\u2019\u00e9dition de la Gr\u00e9gorienne est la premi\u00e8re de la nouvelle collection Kitabu na Neno (en Kswahili) &#8211; livre et Parole &#8211; consacr\u00e9e \u00e0 l\u2019\u00e9tude scientifique des Saintes Ecritures. Les contributions proviennent, \u00e0 une exception pr\u00e8s, des conf\u00e9rences bibliques de la Chaire Cardinal Laurent Monsengwo Pasinya de <\/p>\n","protected":false},"featured_media":1746,"comment_status":"open","ping_status":"closed","template":"","meta":[],"product_brand":[],"product_cat":[96],"product_tag":[],"class_list":{"0":"post-1745","1":"product","2":"type-product","3":"status-publish","4":"has-post-thumbnail","6":"product_cat-kitabu-na-neno","8":"first","9":"instock","10":"shipping-taxable","11":"purchasable","12":"product-type-simple"},"_links":{"self":[{"href":"https:\/\/presses-itcj.ci\/index.php\/wp-json\/wp\/v2\/product\/1745","targetHints":{"allow":["GET"]}}],"collection":[{"href":"https:\/\/presses-itcj.ci\/index.php\/wp-json\/wp\/v2\/product"}],"about":[{"href":"https:\/\/presses-itcj.ci\/index.php\/wp-json\/wp\/v2\/types\/product"}],"replies":[{"embeddable":true,"href":"https:\/\/presses-itcj.ci\/index.php\/wp-json\/wp\/v2\/comments?post=1745"}],"wp:featuredmedia":[{"embeddable":true,"href":"https:\/\/presses-itcj.ci\/index.php\/wp-json\/wp\/v2\/media\/1746"}],"wp:attachment":[{"href":"https:\/\/presses-itcj.ci\/index.php\/wp-json\/wp\/v2\/media?parent=1745"}],"wp:term":[{"taxonomy":"product_brand","embeddable":true,"href":"https:\/\/presses-itcj.ci\/index.php\/wp-json\/wp\/v2\/product_brand?post=1745"},{"taxonomy":"product_cat","embeddable":true,"href":"https:\/\/presses-itcj.ci\/index.php\/wp-json\/wp\/v2\/product_cat?post=1745"},{"taxonomy":"product_tag","embeddable":true,"href":"https:\/\/presses-itcj.ci\/index.php\/wp-json\/wp\/v2\/product_tag?post=1745"}],"curies":[{"name":"wp","href":"https:\/\/api.w.org\/{rel}","templated":true}]}}