{"id":1737,"date":"2025-08-29T21:34:53","date_gmt":"2025-08-29T19:34:53","guid":{"rendered":"https:\/\/presses-itcj.ci\/?post_type=product&#038;p=1737"},"modified":"2025-08-29T21:34:54","modified_gmt":"2025-08-29T19:34:54","slug":"pour-une-societe-juste-et-fraternelle-penser-lalterite-au-dela-de-letre","status":"publish","type":"product","link":"https:\/\/presses-itcj.ci\/index.php\/produit\/pour-une-societe-juste-et-fraternelle-penser-lalterite-au-dela-de-letre\/","title":{"rendered":"Pour une soci\u00e9t\u00e9 juste et fraternelle : penser l\u2019alt\u00e9rit\u00e9 Au-del\u00e0 de l\u2019\u00catre"},"content":{"rendered":"<p>Cette \u0153uvre est une r\u00e9flexion sur l\u2019\u00e9dification d\u2019une soci\u00e9t\u00e9 fraternelle par une saine compr\u00e9hension de la justice qui consiste en un \u00ab\u00a0sextuple\u00a0\u00bb de responsabilit\u00e9 de l\u2019Un-pour-l\u2019Autre<\/p>\n","protected":false},"excerpt":{"rendered":"<p>Cette \u0153uvre est une r\u00e9flexion sur l\u2019\u00e9dification d\u2019une soci\u00e9t\u00e9 fraternelle par une saine compr\u00e9hension de la justice qui consiste en un \u00ab\u00a0sextuple\u00a0\u00bb de responsabilit\u00e9 de l\u2019Un-pour-l\u2019Autre<\/p>\n","protected":false},"featured_media":1738,"comment_status":"open","ping_status":"closed","template":"","meta":[],"product_brand":[],"product_cat":[99],"product_tag":[],"class_list":{"0":"post-1737","1":"product","2":"type-product","3":"status-publish","4":"has-post-thumbnail","6":"product_cat-eglise-societe","8":"first","9":"instock","10":"shipping-taxable","11":"purchasable","12":"product-type-simple"},"_links":{"self":[{"href":"https:\/\/presses-itcj.ci\/index.php\/wp-json\/wp\/v2\/product\/1737","targetHints":{"allow":["GET"]}}],"collection":[{"href":"https:\/\/presses-itcj.ci\/index.php\/wp-json\/wp\/v2\/product"}],"about":[{"href":"https:\/\/presses-itcj.ci\/index.php\/wp-json\/wp\/v2\/types\/product"}],"replies":[{"embeddable":true,"href":"https:\/\/presses-itcj.ci\/index.php\/wp-json\/wp\/v2\/comments?post=1737"}],"wp:featuredmedia":[{"embeddable":true,"href":"https:\/\/presses-itcj.ci\/index.php\/wp-json\/wp\/v2\/media\/1738"}],"wp:attachment":[{"href":"https:\/\/presses-itcj.ci\/index.php\/wp-json\/wp\/v2\/media?parent=1737"}],"wp:term":[{"taxonomy":"product_brand","embeddable":true,"href":"https:\/\/presses-itcj.ci\/index.php\/wp-json\/wp\/v2\/product_brand?post=1737"},{"taxonomy":"product_cat","embeddable":true,"href":"https:\/\/presses-itcj.ci\/index.php\/wp-json\/wp\/v2\/product_cat?post=1737"},{"taxonomy":"product_tag","embeddable":true,"href":"https:\/\/presses-itcj.ci\/index.php\/wp-json\/wp\/v2\/product_tag?post=1737"}],"curies":[{"name":"wp","href":"https:\/\/api.w.org\/{rel}","templated":true}]}}