{"id":1735,"date":"2025-08-29T21:34:01","date_gmt":"2025-08-29T19:34:01","guid":{"rendered":"https:\/\/presses-itcj.ci\/?post_type=product&#038;p=1735"},"modified":"2025-08-29T21:34:02","modified_gmt":"2025-08-29T19:34:02","slug":"eglise-androide-2","status":"publish","type":"product","link":"https:\/\/presses-itcj.ci\/index.php\/produit\/eglise-androide-2\/","title":{"rendered":"Eglise Andro\u00efde"},"content":{"rendered":"<p>Face \u00e0 la n\u00e9cessit\u00e9 de l\u2019usage des Technologies de l\u2019Information et de la Communication (TIC), l\u2019\u00c9glise a pour r\u00f4le et devoir d\u2019\u00e9duquer toute personne \u00e0 un bon usage de ces technologies, pour le bien de l\u2019humanit\u00e9<\/p>\n","protected":false},"excerpt":{"rendered":"<p>Face \u00e0 la n\u00e9cessit\u00e9 de l\u2019usage des Technologies de l\u2019Information et de la Communication (TIC), l\u2019\u00c9glise a pour r\u00f4le et devoir d\u2019\u00e9duquer toute personne \u00e0 un bon usage de ces technologies, pour le bien de l\u2019humanit\u00e9<\/p>\n","protected":false},"featured_media":1736,"comment_status":"open","ping_status":"closed","template":"","meta":[],"product_brand":[],"product_cat":[99],"product_tag":[],"class_list":{"0":"post-1735","1":"product","2":"type-product","3":"status-publish","4":"has-post-thumbnail","6":"product_cat-eglise-societe","8":"first","9":"instock","10":"shipping-taxable","11":"purchasable","12":"product-type-simple"},"_links":{"self":[{"href":"https:\/\/presses-itcj.ci\/index.php\/wp-json\/wp\/v2\/product\/1735","targetHints":{"allow":["GET"]}}],"collection":[{"href":"https:\/\/presses-itcj.ci\/index.php\/wp-json\/wp\/v2\/product"}],"about":[{"href":"https:\/\/presses-itcj.ci\/index.php\/wp-json\/wp\/v2\/types\/product"}],"replies":[{"embeddable":true,"href":"https:\/\/presses-itcj.ci\/index.php\/wp-json\/wp\/v2\/comments?post=1735"}],"wp:featuredmedia":[{"embeddable":true,"href":"https:\/\/presses-itcj.ci\/index.php\/wp-json\/wp\/v2\/media\/1736"}],"wp:attachment":[{"href":"https:\/\/presses-itcj.ci\/index.php\/wp-json\/wp\/v2\/media?parent=1735"}],"wp:term":[{"taxonomy":"product_brand","embeddable":true,"href":"https:\/\/presses-itcj.ci\/index.php\/wp-json\/wp\/v2\/product_brand?post=1735"},{"taxonomy":"product_cat","embeddable":true,"href":"https:\/\/presses-itcj.ci\/index.php\/wp-json\/wp\/v2\/product_cat?post=1735"},{"taxonomy":"product_tag","embeddable":true,"href":"https:\/\/presses-itcj.ci\/index.php\/wp-json\/wp\/v2\/product_tag?post=1735"}],"curies":[{"name":"wp","href":"https:\/\/api.w.org\/{rel}","templated":true}]}}