{"id":1733,"date":"2025-08-29T21:33:14","date_gmt":"2025-08-29T19:33:14","guid":{"rendered":"https:\/\/presses-itcj.ci\/?post_type=product&#038;p=1733"},"modified":"2025-08-29T21:33:15","modified_gmt":"2025-08-29T19:33:15","slug":"questions-reponses-sur-la-sorcellerie","status":"publish","type":"product","link":"https:\/\/presses-itcj.ci\/index.php\/produit\/questions-reponses-sur-la-sorcellerie\/","title":{"rendered":"Questions-R\u00e9ponses sur la sorcellerie"},"content":{"rendered":"<p>Par ses investigations faites en C\u00f4te d\u2019Ivoire et au Mexique, l\u2019auteur plonge le lecteur dans les d\u00e9dales peu connus de l\u2019exp\u00e9rience mystique v\u00e9cue dans ces deux pays, sans que ceux-ci lui soient pr\u00e9judiciables<\/p>\n","protected":false},"excerpt":{"rendered":"<p>Par ses investigations faites en C\u00f4te d\u2019Ivoire et au Mexique, l\u2019auteur plonge le lecteur dans les d\u00e9dales peu connus de l\u2019exp\u00e9rience mystique v\u00e9cue dans ces deux pays, sans que ceux-ci lui soient pr\u00e9judiciables<\/p>\n","protected":false},"featured_media":1734,"comment_status":"open","ping_status":"closed","template":"","meta":[],"product_brand":[],"product_cat":[99],"product_tag":[],"class_list":{"0":"post-1733","1":"product","2":"type-product","3":"status-publish","4":"has-post-thumbnail","6":"product_cat-eglise-societe","8":"first","9":"instock","10":"shipping-taxable","11":"purchasable","12":"product-type-simple"},"_links":{"self":[{"href":"https:\/\/presses-itcj.ci\/index.php\/wp-json\/wp\/v2\/product\/1733","targetHints":{"allow":["GET"]}}],"collection":[{"href":"https:\/\/presses-itcj.ci\/index.php\/wp-json\/wp\/v2\/product"}],"about":[{"href":"https:\/\/presses-itcj.ci\/index.php\/wp-json\/wp\/v2\/types\/product"}],"replies":[{"embeddable":true,"href":"https:\/\/presses-itcj.ci\/index.php\/wp-json\/wp\/v2\/comments?post=1733"}],"wp:featuredmedia":[{"embeddable":true,"href":"https:\/\/presses-itcj.ci\/index.php\/wp-json\/wp\/v2\/media\/1734"}],"wp:attachment":[{"href":"https:\/\/presses-itcj.ci\/index.php\/wp-json\/wp\/v2\/media?parent=1733"}],"wp:term":[{"taxonomy":"product_brand","embeddable":true,"href":"https:\/\/presses-itcj.ci\/index.php\/wp-json\/wp\/v2\/product_brand?post=1733"},{"taxonomy":"product_cat","embeddable":true,"href":"https:\/\/presses-itcj.ci\/index.php\/wp-json\/wp\/v2\/product_cat?post=1733"},{"taxonomy":"product_tag","embeddable":true,"href":"https:\/\/presses-itcj.ci\/index.php\/wp-json\/wp\/v2\/product_tag?post=1733"}],"curies":[{"name":"wp","href":"https:\/\/api.w.org\/{rel}","templated":true}]}}