{"id":1731,"date":"2025-08-29T21:32:06","date_gmt":"2025-08-29T19:32:06","guid":{"rendered":"https:\/\/presses-itcj.ci\/?post_type=product&#038;p=1731"},"modified":"2025-08-29T21:32:06","modified_gmt":"2025-08-29T19:32:06","slug":"reformer-la-catechese-ivoirienne-par-la-liturgie","status":"publish","type":"product","link":"https:\/\/presses-itcj.ci\/index.php\/produit\/reformer-la-catechese-ivoirienne-par-la-liturgie\/","title":{"rendered":"R\u00e9former la cat\u00e9ch\u00e8se ivoirienne par la liturgie"},"content":{"rendered":"<p>Ce livre retrace l\u2019histoire de l\u2019\u00e9volution de la cat\u00e9ch\u00e8se en C\u00f4te d\u2019Ivoire, avec une approche th\u00e9ologique, afin de mieux cerner la richesse de la p\u00e9dagogie cat\u00e9chum\u00e8nale<\/p>\n","protected":false},"excerpt":{"rendered":"<p>Ce livre retrace l\u2019histoire de l\u2019\u00e9volution de la cat\u00e9ch\u00e8se en C\u00f4te d\u2019Ivoire, avec une approche th\u00e9ologique, afin de mieux cerner la richesse de la p\u00e9dagogie cat\u00e9chum\u00e8nale<\/p>\n","protected":false},"featured_media":1732,"comment_status":"open","ping_status":"closed","template":"","meta":[],"product_brand":[],"product_cat":[99],"product_tag":[],"class_list":{"0":"post-1731","1":"product","2":"type-product","3":"status-publish","4":"has-post-thumbnail","6":"product_cat-eglise-societe","8":"first","9":"instock","10":"shipping-taxable","11":"purchasable","12":"product-type-simple"},"_links":{"self":[{"href":"https:\/\/presses-itcj.ci\/index.php\/wp-json\/wp\/v2\/product\/1731","targetHints":{"allow":["GET"]}}],"collection":[{"href":"https:\/\/presses-itcj.ci\/index.php\/wp-json\/wp\/v2\/product"}],"about":[{"href":"https:\/\/presses-itcj.ci\/index.php\/wp-json\/wp\/v2\/types\/product"}],"replies":[{"embeddable":true,"href":"https:\/\/presses-itcj.ci\/index.php\/wp-json\/wp\/v2\/comments?post=1731"}],"wp:featuredmedia":[{"embeddable":true,"href":"https:\/\/presses-itcj.ci\/index.php\/wp-json\/wp\/v2\/media\/1732"}],"wp:attachment":[{"href":"https:\/\/presses-itcj.ci\/index.php\/wp-json\/wp\/v2\/media?parent=1731"}],"wp:term":[{"taxonomy":"product_brand","embeddable":true,"href":"https:\/\/presses-itcj.ci\/index.php\/wp-json\/wp\/v2\/product_brand?post=1731"},{"taxonomy":"product_cat","embeddable":true,"href":"https:\/\/presses-itcj.ci\/index.php\/wp-json\/wp\/v2\/product_cat?post=1731"},{"taxonomy":"product_tag","embeddable":true,"href":"https:\/\/presses-itcj.ci\/index.php\/wp-json\/wp\/v2\/product_tag?post=1731"}],"curies":[{"name":"wp","href":"https:\/\/api.w.org\/{rel}","templated":true}]}}