{"id":1705,"date":"2025-08-29T20:58:48","date_gmt":"2025-08-29T18:58:48","guid":{"rendered":"https:\/\/presses-itcj.ci\/?post_type=product&#038;p=1705"},"modified":"2025-08-29T20:58:48","modified_gmt":"2025-08-29T18:58:48","slug":"fideles-de-jesus-christ-2","status":"publish","type":"product","link":"https:\/\/presses-itcj.ci\/index.php\/produit\/fideles-de-jesus-christ-2\/","title":{"rendered":"Fid\u00e8les de J\u00e9sus-Christ"},"content":{"rendered":"<p>Ce livre contribue \u00e0 vulgariser la spiritualit\u00e9 du la\u00efc. Il invite \u00e0 red\u00e9couvrir les \u00e9l\u00e9ments majeurs de la spiritualit\u00e9 et de l\u2019engagement des la\u00efcs dans la soci\u00e9t\u00e9<\/p>\n","protected":false},"excerpt":{"rendered":"<p>Ce livre contribue \u00e0 vulgariser la spiritualit\u00e9 du la\u00efc. Il invite \u00e0 red\u00e9couvrir les \u00e9l\u00e9ments majeurs de la spiritualit\u00e9 et de l\u2019engagement des la\u00efcs dans la soci\u00e9t\u00e9<\/p>\n","protected":false},"featured_media":1706,"comment_status":"open","ping_status":"closed","template":"","meta":[],"product_brand":[],"product_cat":[95],"product_tag":[],"class_list":{"0":"post-1705","1":"product","2":"type-product","3":"status-publish","4":"has-post-thumbnail","6":"product_cat-hamanien-fe","8":"first","9":"instock","10":"shipping-taxable","11":"purchasable","12":"product-type-simple"},"_links":{"self":[{"href":"https:\/\/presses-itcj.ci\/index.php\/wp-json\/wp\/v2\/product\/1705","targetHints":{"allow":["GET"]}}],"collection":[{"href":"https:\/\/presses-itcj.ci\/index.php\/wp-json\/wp\/v2\/product"}],"about":[{"href":"https:\/\/presses-itcj.ci\/index.php\/wp-json\/wp\/v2\/types\/product"}],"replies":[{"embeddable":true,"href":"https:\/\/presses-itcj.ci\/index.php\/wp-json\/wp\/v2\/comments?post=1705"}],"wp:featuredmedia":[{"embeddable":true,"href":"https:\/\/presses-itcj.ci\/index.php\/wp-json\/wp\/v2\/media\/1706"}],"wp:attachment":[{"href":"https:\/\/presses-itcj.ci\/index.php\/wp-json\/wp\/v2\/media?parent=1705"}],"wp:term":[{"taxonomy":"product_brand","embeddable":true,"href":"https:\/\/presses-itcj.ci\/index.php\/wp-json\/wp\/v2\/product_brand?post=1705"},{"taxonomy":"product_cat","embeddable":true,"href":"https:\/\/presses-itcj.ci\/index.php\/wp-json\/wp\/v2\/product_cat?post=1705"},{"taxonomy":"product_tag","embeddable":true,"href":"https:\/\/presses-itcj.ci\/index.php\/wp-json\/wp\/v2\/product_tag?post=1705"}],"curies":[{"name":"wp","href":"https:\/\/api.w.org\/{rel}","templated":true}]}}