{"id":1703,"date":"2025-08-29T20:57:31","date_gmt":"2025-08-29T18:57:31","guid":{"rendered":"https:\/\/presses-itcj.ci\/?post_type=product&#038;p=1703"},"modified":"2025-08-29T20:57:31","modified_gmt":"2025-08-29T18:57:31","slug":"les-laics-dans-leglise-et-le-monde","status":"publish","type":"product","link":"https:\/\/presses-itcj.ci\/index.php\/produit\/les-laics-dans-leglise-et-le-monde\/","title":{"rendered":"Les la\u00efcs dans l\u2019Eglise et le monde"},"content":{"rendered":"<p>Ce livre parle de l\u2019identit\u00e9 du la\u00efc et de sa responsabilit\u00e9 dans l\u2019Eglise et dans le monde. Il l\u2019invite \u00e0 prendre au s\u00e9rieux la mission de l\u2019Eglise toute enti\u00e8re : \u00ab\u00a0annoncer le message du Christ au monde \u00bb.<\/p>\n","protected":false},"excerpt":{"rendered":"<p>Ce livre parle de l\u2019identit\u00e9 du la\u00efc et de sa responsabilit\u00e9 dans l\u2019Eglise et dans le monde. Il l\u2019invite \u00e0 prendre au s\u00e9rieux la mission de l\u2019Eglise toute enti\u00e8re : \u00ab\u00a0annoncer le message du Christ au monde \u00bb.<\/p>\n","protected":false},"featured_media":1704,"comment_status":"open","ping_status":"closed","template":"","meta":[],"product_brand":[],"product_cat":[95],"product_tag":[],"class_list":{"0":"post-1703","1":"product","2":"type-product","3":"status-publish","4":"has-post-thumbnail","6":"product_cat-hamanien-fe","8":"first","9":"instock","10":"shipping-taxable","11":"purchasable","12":"product-type-simple"},"_links":{"self":[{"href":"https:\/\/presses-itcj.ci\/index.php\/wp-json\/wp\/v2\/product\/1703","targetHints":{"allow":["GET"]}}],"collection":[{"href":"https:\/\/presses-itcj.ci\/index.php\/wp-json\/wp\/v2\/product"}],"about":[{"href":"https:\/\/presses-itcj.ci\/index.php\/wp-json\/wp\/v2\/types\/product"}],"replies":[{"embeddable":true,"href":"https:\/\/presses-itcj.ci\/index.php\/wp-json\/wp\/v2\/comments?post=1703"}],"wp:featuredmedia":[{"embeddable":true,"href":"https:\/\/presses-itcj.ci\/index.php\/wp-json\/wp\/v2\/media\/1704"}],"wp:attachment":[{"href":"https:\/\/presses-itcj.ci\/index.php\/wp-json\/wp\/v2\/media?parent=1703"}],"wp:term":[{"taxonomy":"product_brand","embeddable":true,"href":"https:\/\/presses-itcj.ci\/index.php\/wp-json\/wp\/v2\/product_brand?post=1703"},{"taxonomy":"product_cat","embeddable":true,"href":"https:\/\/presses-itcj.ci\/index.php\/wp-json\/wp\/v2\/product_cat?post=1703"},{"taxonomy":"product_tag","embeddable":true,"href":"https:\/\/presses-itcj.ci\/index.php\/wp-json\/wp\/v2\/product_tag?post=1703"}],"curies":[{"name":"wp","href":"https:\/\/api.w.org\/{rel}","templated":true}]}}