{"id":1701,"date":"2025-08-29T20:56:04","date_gmt":"2025-08-29T18:56:04","guid":{"rendered":"https:\/\/presses-itcj.ci\/?post_type=product&#038;p=1701"},"modified":"2025-08-29T20:56:04","modified_gmt":"2025-08-29T18:56:04","slug":"les-psaumes-a-portee-de-main","status":"publish","type":"product","link":"https:\/\/presses-itcj.ci\/index.php\/produit\/les-psaumes-a-portee-de-main\/","title":{"rendered":"Les psaumes \u00e0 port\u00e9e de main"},"content":{"rendered":"<p>Ce livre donne aux chr\u00e9tiens une id\u00e9e de ce que repr\u00e9sentent les psaumes dans la Bible et des outils de lecture pour une meilleure compr\u00e9hension et pour un plus grand profit dans la pri\u00e8re<\/p>\n","protected":false},"excerpt":{"rendered":"<p>Ce livre donne aux chr\u00e9tiens une id\u00e9e de ce que repr\u00e9sentent les psaumes dans la Bible et des outils de lecture pour une meilleure compr\u00e9hension et pour un plus grand profit dans la pri\u00e8re<\/p>\n","protected":false},"featured_media":1702,"comment_status":"open","ping_status":"closed","template":"","meta":[],"product_brand":[],"product_cat":[95],"product_tag":[],"class_list":{"0":"post-1701","1":"product","2":"type-product","3":"status-publish","4":"has-post-thumbnail","6":"product_cat-hamanien-fe","8":"first","9":"instock","10":"shipping-taxable","11":"purchasable","12":"product-type-simple"},"_links":{"self":[{"href":"https:\/\/presses-itcj.ci\/index.php\/wp-json\/wp\/v2\/product\/1701","targetHints":{"allow":["GET"]}}],"collection":[{"href":"https:\/\/presses-itcj.ci\/index.php\/wp-json\/wp\/v2\/product"}],"about":[{"href":"https:\/\/presses-itcj.ci\/index.php\/wp-json\/wp\/v2\/types\/product"}],"replies":[{"embeddable":true,"href":"https:\/\/presses-itcj.ci\/index.php\/wp-json\/wp\/v2\/comments?post=1701"}],"wp:featuredmedia":[{"embeddable":true,"href":"https:\/\/presses-itcj.ci\/index.php\/wp-json\/wp\/v2\/media\/1702"}],"wp:attachment":[{"href":"https:\/\/presses-itcj.ci\/index.php\/wp-json\/wp\/v2\/media?parent=1701"}],"wp:term":[{"taxonomy":"product_brand","embeddable":true,"href":"https:\/\/presses-itcj.ci\/index.php\/wp-json\/wp\/v2\/product_brand?post=1701"},{"taxonomy":"product_cat","embeddable":true,"href":"https:\/\/presses-itcj.ci\/index.php\/wp-json\/wp\/v2\/product_cat?post=1701"},{"taxonomy":"product_tag","embeddable":true,"href":"https:\/\/presses-itcj.ci\/index.php\/wp-json\/wp\/v2\/product_tag?post=1701"}],"curies":[{"name":"wp","href":"https:\/\/api.w.org\/{rel}","templated":true}]}}