{"id":1696,"date":"2025-08-29T20:53:24","date_gmt":"2025-08-29T18:53:24","guid":{"rendered":"https:\/\/presses-itcj.ci\/?post_type=product&#038;p=1696"},"modified":"2025-08-29T20:53:24","modified_gmt":"2025-08-29T18:53:24","slug":"le-chretien-et-largent","status":"publish","type":"product","link":"https:\/\/presses-itcj.ci\/index.php\/produit\/le-chretien-et-largent\/","title":{"rendered":"Le chr\u00e9tien et l\u2019argent"},"content":{"rendered":"<p>Ce livre fait de la lumi\u00e8re sur la question de l\u2019argent, \u00e0 partir d\u2019une lecture attentive du Nouveau Testament, afin que nos Eglises en g\u00e9n\u00e9ral et les fid\u00e8les chr\u00e9tiens en particulier puissent d\u00e9velopper un rapport sain \u00e0 l\u2019argent<\/p>\n","protected":false},"excerpt":{"rendered":"<p>Ce livre fait de la lumi\u00e8re sur la question de l\u2019argent, \u00e0 partir d\u2019une lecture attentive du Nouveau Testament, afin que nos Eglises en g\u00e9n\u00e9ral et les fid\u00e8les chr\u00e9tiens en particulier puissent d\u00e9velopper un rapport sain \u00e0 l\u2019argent<\/p>\n","protected":false},"featured_media":1698,"comment_status":"open","ping_status":"closed","template":"","meta":[],"product_brand":[],"product_cat":[95],"product_tag":[],"class_list":{"0":"post-1696","1":"product","2":"type-product","3":"status-publish","4":"has-post-thumbnail","6":"product_cat-hamanien-fe","8":"first","9":"instock","10":"shipping-taxable","11":"purchasable","12":"product-type-simple"},"_links":{"self":[{"href":"https:\/\/presses-itcj.ci\/index.php\/wp-json\/wp\/v2\/product\/1696","targetHints":{"allow":["GET"]}}],"collection":[{"href":"https:\/\/presses-itcj.ci\/index.php\/wp-json\/wp\/v2\/product"}],"about":[{"href":"https:\/\/presses-itcj.ci\/index.php\/wp-json\/wp\/v2\/types\/product"}],"replies":[{"embeddable":true,"href":"https:\/\/presses-itcj.ci\/index.php\/wp-json\/wp\/v2\/comments?post=1696"}],"wp:featuredmedia":[{"embeddable":true,"href":"https:\/\/presses-itcj.ci\/index.php\/wp-json\/wp\/v2\/media\/1698"}],"wp:attachment":[{"href":"https:\/\/presses-itcj.ci\/index.php\/wp-json\/wp\/v2\/media?parent=1696"}],"wp:term":[{"taxonomy":"product_brand","embeddable":true,"href":"https:\/\/presses-itcj.ci\/index.php\/wp-json\/wp\/v2\/product_brand?post=1696"},{"taxonomy":"product_cat","embeddable":true,"href":"https:\/\/presses-itcj.ci\/index.php\/wp-json\/wp\/v2\/product_cat?post=1696"},{"taxonomy":"product_tag","embeddable":true,"href":"https:\/\/presses-itcj.ci\/index.php\/wp-json\/wp\/v2\/product_tag?post=1696"}],"curies":[{"name":"wp","href":"https:\/\/api.w.org\/{rel}","templated":true}]}}