{"id":1688,"date":"2025-08-29T20:46:36","date_gmt":"2025-08-29T18:46:36","guid":{"rendered":"https:\/\/presses-itcj.ci\/?post_type=product&#038;p=1688"},"modified":"2025-08-29T20:46:36","modified_gmt":"2025-08-29T18:46:36","slug":"les-femmes-dans-la-bible","status":"publish","type":"product","link":"https:\/\/presses-itcj.ci\/index.php\/produit\/les-femmes-dans-la-bible\/","title":{"rendered":"Les femmes dans la Bible"},"content":{"rendered":"<p>Le pr\u00e9sent volume se penche sur ce que la Bible dit des femmes. Il aide le chr\u00e9tien africain \u00e0 r\u00e9pondre aux questions que lui pose le monde d\u2019aujourd\u2019hui \u00e0 propos de la femme.<\/p>\n","protected":false},"excerpt":{"rendered":"<p>Le pr\u00e9sent volume se penche sur ce que la Bible dit des femmes. Il aide le chr\u00e9tien africain \u00e0 r\u00e9pondre aux questions que lui pose le monde d\u2019aujourd\u2019hui \u00e0 propos de la femme.<\/p>\n","protected":false},"featured_media":1689,"comment_status":"open","ping_status":"closed","template":"","meta":[],"product_brand":[],"product_cat":[93],"product_tag":[],"class_list":{"0":"post-1688","1":"product","2":"type-product","3":"status-publish","4":"has-post-thumbnail","6":"product_cat-apeca","8":"first","9":"instock","10":"shipping-taxable","11":"purchasable","12":"product-type-simple"},"_links":{"self":[{"href":"https:\/\/presses-itcj.ci\/index.php\/wp-json\/wp\/v2\/product\/1688","targetHints":{"allow":["GET"]}}],"collection":[{"href":"https:\/\/presses-itcj.ci\/index.php\/wp-json\/wp\/v2\/product"}],"about":[{"href":"https:\/\/presses-itcj.ci\/index.php\/wp-json\/wp\/v2\/types\/product"}],"replies":[{"embeddable":true,"href":"https:\/\/presses-itcj.ci\/index.php\/wp-json\/wp\/v2\/comments?post=1688"}],"wp:featuredmedia":[{"embeddable":true,"href":"https:\/\/presses-itcj.ci\/index.php\/wp-json\/wp\/v2\/media\/1689"}],"wp:attachment":[{"href":"https:\/\/presses-itcj.ci\/index.php\/wp-json\/wp\/v2\/media?parent=1688"}],"wp:term":[{"taxonomy":"product_brand","embeddable":true,"href":"https:\/\/presses-itcj.ci\/index.php\/wp-json\/wp\/v2\/product_brand?post=1688"},{"taxonomy":"product_cat","embeddable":true,"href":"https:\/\/presses-itcj.ci\/index.php\/wp-json\/wp\/v2\/product_cat?post=1688"},{"taxonomy":"product_tag","embeddable":true,"href":"https:\/\/presses-itcj.ci\/index.php\/wp-json\/wp\/v2\/product_tag?post=1688"}],"curies":[{"name":"wp","href":"https:\/\/api.w.org\/{rel}","templated":true}]}}