{"id":1686,"date":"2025-08-29T20:44:21","date_gmt":"2025-08-29T18:44:21","guid":{"rendered":"https:\/\/presses-itcj.ci\/?post_type=product&#038;p=1686"},"modified":"2025-08-29T20:44:21","modified_gmt":"2025-08-29T18:44:21","slug":"bible-et-sujets-pastoraux-en-afrique","status":"publish","type":"product","link":"https:\/\/presses-itcj.ci\/index.php\/produit\/bible-et-sujets-pastoraux-en-afrique\/","title":{"rendered":"Bible et sujets pastoraux en Afrique"},"content":{"rendered":"<p>Le pr\u00e9sent volume marque la c\u00e9l\u00e9bration des 25 ans de l\u2019association. Le th\u00e8me de ce congr\u00e8s a permis aux participants de faire un bilan des activit\u00e9s et des d\u00e9fis de l\u2019association<\/p>\n","protected":false},"excerpt":{"rendered":"<p>Le pr\u00e9sent volume marque la c\u00e9l\u00e9bration des 25 ans de l\u2019association. Le th\u00e8me de ce congr\u00e8s a permis aux participants de faire un bilan des activit\u00e9s et des d\u00e9fis de l\u2019association<\/p>\n","protected":false},"featured_media":1687,"comment_status":"open","ping_status":"closed","template":"","meta":[],"product_brand":[],"product_cat":[93],"product_tag":[],"class_list":{"0":"post-1686","1":"product","2":"type-product","3":"status-publish","4":"has-post-thumbnail","6":"product_cat-apeca","8":"first","9":"instock","10":"shipping-taxable","11":"purchasable","12":"product-type-simple"},"_links":{"self":[{"href":"https:\/\/presses-itcj.ci\/index.php\/wp-json\/wp\/v2\/product\/1686","targetHints":{"allow":["GET"]}}],"collection":[{"href":"https:\/\/presses-itcj.ci\/index.php\/wp-json\/wp\/v2\/product"}],"about":[{"href":"https:\/\/presses-itcj.ci\/index.php\/wp-json\/wp\/v2\/types\/product"}],"replies":[{"embeddable":true,"href":"https:\/\/presses-itcj.ci\/index.php\/wp-json\/wp\/v2\/comments?post=1686"}],"wp:featuredmedia":[{"embeddable":true,"href":"https:\/\/presses-itcj.ci\/index.php\/wp-json\/wp\/v2\/media\/1687"}],"wp:attachment":[{"href":"https:\/\/presses-itcj.ci\/index.php\/wp-json\/wp\/v2\/media?parent=1686"}],"wp:term":[{"taxonomy":"product_brand","embeddable":true,"href":"https:\/\/presses-itcj.ci\/index.php\/wp-json\/wp\/v2\/product_brand?post=1686"},{"taxonomy":"product_cat","embeddable":true,"href":"https:\/\/presses-itcj.ci\/index.php\/wp-json\/wp\/v2\/product_cat?post=1686"},{"taxonomy":"product_tag","embeddable":true,"href":"https:\/\/presses-itcj.ci\/index.php\/wp-json\/wp\/v2\/product_tag?post=1686"}],"curies":[{"name":"wp","href":"https:\/\/api.w.org\/{rel}","templated":true}]}}