{"id":1498,"date":"2025-05-10T18:37:13","date_gmt":"2025-05-10T16:37:13","guid":{"rendered":"https:\/\/presses-itcj.ci\/?post_type=product&#038;p=1498"},"modified":"2025-08-29T04:18:28","modified_gmt":"2025-08-29T02:18:28","slug":"bible-et-pluralite-religieuse","status":"publish","type":"product","link":"https:\/\/presses-itcj.ci\/index.php\/produit\/bible-et-pluralite-religieuse\/","title":{"rendered":"Bible et pluralit\u00e9 religieuse"},"content":{"rendered":"<p>Ces actes traitent de la paix entre les religions dans une Afrique moderne o\u00f9 cohabitent religions endog\u00e8nes et religions exog\u00e8nes. Ils sont utiles pour la mission, le dialogue interreligieux et \u0153cum\u00e9nique<\/p>\n","protected":false},"excerpt":{"rendered":"<p>Ces actes traitent de la paix entre les religions dans une Afrique moderne o\u00f9 cohabitent religions endog\u00e8nes et religions exog\u00e8nes. Ils sont utiles pour la mission, le dialogue interreligieux et \u0153cum\u00e9nique<\/p>\n","protected":false},"featured_media":1681,"comment_status":"open","ping_status":"closed","template":"","meta":[],"product_brand":[],"product_cat":[93],"product_tag":[],"class_list":{"0":"post-1498","1":"product","2":"type-product","3":"status-publish","4":"has-post-thumbnail","6":"product_cat-apeca","8":"first","9":"instock","10":"shipping-taxable","11":"purchasable","12":"product-type-simple"},"_links":{"self":[{"href":"https:\/\/presses-itcj.ci\/index.php\/wp-json\/wp\/v2\/product\/1498","targetHints":{"allow":["GET"]}}],"collection":[{"href":"https:\/\/presses-itcj.ci\/index.php\/wp-json\/wp\/v2\/product"}],"about":[{"href":"https:\/\/presses-itcj.ci\/index.php\/wp-json\/wp\/v2\/types\/product"}],"replies":[{"embeddable":true,"href":"https:\/\/presses-itcj.ci\/index.php\/wp-json\/wp\/v2\/comments?post=1498"}],"wp:featuredmedia":[{"embeddable":true,"href":"https:\/\/presses-itcj.ci\/index.php\/wp-json\/wp\/v2\/media\/1681"}],"wp:attachment":[{"href":"https:\/\/presses-itcj.ci\/index.php\/wp-json\/wp\/v2\/media?parent=1498"}],"wp:term":[{"taxonomy":"product_brand","embeddable":true,"href":"https:\/\/presses-itcj.ci\/index.php\/wp-json\/wp\/v2\/product_brand?post=1498"},{"taxonomy":"product_cat","embeddable":true,"href":"https:\/\/presses-itcj.ci\/index.php\/wp-json\/wp\/v2\/product_cat?post=1498"},{"taxonomy":"product_tag","embeddable":true,"href":"https:\/\/presses-itcj.ci\/index.php\/wp-json\/wp\/v2\/product_tag?post=1498"}],"curies":[{"name":"wp","href":"https:\/\/api.w.org\/{rel}","templated":true}]}}