{"id":1497,"date":"2025-05-10T18:36:59","date_gmt":"2025-05-10T16:36:59","guid":{"rendered":"https:\/\/presses-itcj.ci\/?post_type=product&#038;p=1497"},"modified":"2025-08-29T04:20:21","modified_gmt":"2025-08-29T02:20:21","slug":"bible-et-leadership","status":"publish","type":"product","link":"https:\/\/presses-itcj.ci\/index.php\/produit\/bible-et-leadership\/","title":{"rendered":"Bible et leadership en Afrique"},"content":{"rendered":"<p>Ce volume aborde la nature, la finalit\u00e9 et les sp\u00e9cificit\u00e9s du leadership dans la Bible d\u2019un point de vue politique, eccl\u00e9sial, familial et social. Les th\u00e9matiques de la jeunesse et du d\u00e9veloppement y trouvent une place de choix.<\/p>\n","protected":false},"excerpt":{"rendered":"<p>Ce volume aborde la nature, la finalit\u00e9 et les sp\u00e9cificit\u00e9s du leadership dans la Bible d\u2019un point de vue politique, eccl\u00e9sial, familial et social. Les th\u00e9matiques de la jeunesse et du d\u00e9veloppement y trouvent une place de choix.<\/p>\n","protected":false},"featured_media":1683,"comment_status":"open","ping_status":"closed","template":"","meta":[],"product_brand":[],"product_cat":[93],"product_tag":[],"class_list":{"0":"post-1497","1":"product","2":"type-product","3":"status-publish","4":"has-post-thumbnail","6":"product_cat-apeca","8":"first","9":"instock","10":"shipping-taxable","11":"purchasable","12":"product-type-simple"},"_links":{"self":[{"href":"https:\/\/presses-itcj.ci\/index.php\/wp-json\/wp\/v2\/product\/1497","targetHints":{"allow":["GET"]}}],"collection":[{"href":"https:\/\/presses-itcj.ci\/index.php\/wp-json\/wp\/v2\/product"}],"about":[{"href":"https:\/\/presses-itcj.ci\/index.php\/wp-json\/wp\/v2\/types\/product"}],"replies":[{"embeddable":true,"href":"https:\/\/presses-itcj.ci\/index.php\/wp-json\/wp\/v2\/comments?post=1497"}],"wp:featuredmedia":[{"embeddable":true,"href":"https:\/\/presses-itcj.ci\/index.php\/wp-json\/wp\/v2\/media\/1683"}],"wp:attachment":[{"href":"https:\/\/presses-itcj.ci\/index.php\/wp-json\/wp\/v2\/media?parent=1497"}],"wp:term":[{"taxonomy":"product_brand","embeddable":true,"href":"https:\/\/presses-itcj.ci\/index.php\/wp-json\/wp\/v2\/product_brand?post=1497"},{"taxonomy":"product_cat","embeddable":true,"href":"https:\/\/presses-itcj.ci\/index.php\/wp-json\/wp\/v2\/product_cat?post=1497"},{"taxonomy":"product_tag","embeddable":true,"href":"https:\/\/presses-itcj.ci\/index.php\/wp-json\/wp\/v2\/product_tag?post=1497"}],"curies":[{"name":"wp","href":"https:\/\/api.w.org\/{rel}","templated":true}]}}