{"id":1436,"date":"2025-05-10T03:01:27","date_gmt":"2025-05-10T01:01:27","guid":{"rendered":"https:\/\/presses-itcj.ci\/?page_id=1436"},"modified":"2025-08-26T02:48:10","modified_gmt":"2025-08-26T00:48:10","slug":"les-publications","status":"publish","type":"page","link":"https:\/\/presses-itcj.ci\/index.php\/les-publications\/","title":{"rendered":"Les Publications"},"content":{"rendered":"\t\t<div data-elementor-type=\"wp-page\" data-elementor-id=\"1436\" class=\"elementor elementor-1436\">\n\t\t\t\t<div class=\"elementor-element elementor-element-d1c0228 e-flex e-con-boxed e-con e-parent\" data-id=\"d1c0228\" data-element_type=\"container\" data-e-type=\"container\">\n\t\t\t\t\t<div class=\"e-con-inner\">\n\t\t<div class=\"elementor-element elementor-element-21db003 e-con-full e-flex e-con e-child\" data-id=\"21db003\" data-element_type=\"container\" data-e-type=\"container\">\n\t\t\t\t<div class=\"elementor-element elementor-element-c7c2d39 elementor-widget elementor-widget-text-editor\" data-id=\"c7c2d39\" data-element_type=\"widget\" data-e-type=\"widget\" data-widget_type=\"text-editor.default\">\n\t\t\t\t<div class=\"elementor-widget-container\">\n\t\t\t\t\t\t\t\t\t<p>Les Presses de l\u2019ITCJ publient<\/p><p>Les revues de l\u2019ITCJ\u00a0: <em>Kanien<\/em>, la revue des enseignants et professeurs et <em>Akwaba<\/em> la revue des \u00e9tudiants<\/p><p>Les actes des colloques et conf\u00e9rences\u00a0:<\/p><p>&#8211; colloques ICMA-ITCJ,<\/p><p>&#8211; colloques de l\u2019Association panafricaine des ex\u00e9g\u00e8tes catholiques (APECA)<\/p><p>&#8211; conf\u00e9rences internationales de l\u2019ITCJ<\/p><p>&#8211; s\u00e9minaires des groupes de recherche des professeurs de l\u2019ITCJ (GARPI, Communaut\u00e9s nouvelles)<\/p><p>Des ouvrages individuels sur des th\u00e8mes en th\u00e9ologie, en philosophie, en spiritualit\u00e9 et religions ainsi qu\u2019en sciences humaines<\/p><p>Cinq (5) collections\u00a0dirig\u00e9es par les enseignants et professeurs de l\u2019ITCJ\u00a0:<\/p>\t\t\t\t\t\t\t\t<\/div>\n\t\t\t\t<\/div>\n\t\t\t\t<\/div>\n\t\t<div class=\"elementor-element elementor-element-6850ab3 e-con-full e-flex e-con e-child\" data-id=\"6850ab3\" data-element_type=\"container\" data-e-type=\"container\">\n\t\t\t\t<div class=\"elementor-element elementor-element-b329687 elementor-widget elementor-widget-image\" data-id=\"b329687\" data-element_type=\"widget\" data-e-type=\"widget\" data-widget_type=\"image.default\">\n\t\t\t\t<div class=\"elementor-widget-container\">\n\t\t\t\t\t\t\t\t\t\t\t\t\t\t\t<img fetchpriority=\"high\" decoding=\"async\" width=\"753\" height=\"496\" src=\"https:\/\/presses-itcj.ci\/wp-content\/uploads\/2025\/08\/Screenshot-2025-08-25-at-23.44.31.png\" class=\"attachment-large size-large wp-image-1640\" alt=\"\" srcset=\"https:\/\/presses-itcj.ci\/wp-content\/uploads\/2025\/08\/Screenshot-2025-08-25-at-23.44.31.png 753w, https:\/\/presses-itcj.ci\/wp-content\/uploads\/2025\/08\/Screenshot-2025-08-25-at-23.44.31-300x198.png 300w, https:\/\/presses-itcj.ci\/wp-content\/uploads\/2025\/08\/Screenshot-2025-08-25-at-23.44.31-600x395.png 600w\" sizes=\"(max-width: 753px) 100vw, 753px\" \/>\t\t\t\t\t\t\t\t\t\t\t\t\t\t\t<\/div>\n\t\t\t\t<\/div>\n\t\t\t\t<\/div>\n\t\t\t\t\t<\/div>\n\t\t\t\t<\/div>\n\t\t\t\t<\/div>\n\t\t","protected":false},"excerpt":{"rendered":"<p>Les Presses de l\u2019ITCJ publient Les revues de l\u2019ITCJ\u00a0: Kanien, la revue des enseignants et professeurs et Akwaba la revue des \u00e9tudiants Les actes des colloques et conf\u00e9rences\u00a0: &#8211; colloques ICMA-ITCJ, &#8211; colloques de l\u2019Association panafricaine des ex\u00e9g\u00e8tes catholiques (APECA) &#8211; conf\u00e9rences internationales de l\u2019ITCJ &#8211; s\u00e9minaires des groupes de recherche des professeurs de l\u2019ITCJ <\/p>\n","protected":false},"author":1,"featured_media":0,"parent":0,"menu_order":0,"comment_status":"closed","ping_status":"closed","template":"bookland_homepage.php","meta":{"footnotes":""},"class_list":["post-1436","page","type-page","status-publish","hentry"],"_links":{"self":[{"href":"https:\/\/presses-itcj.ci\/index.php\/wp-json\/wp\/v2\/pages\/1436","targetHints":{"allow":["GET"]}}],"collection":[{"href":"https:\/\/presses-itcj.ci\/index.php\/wp-json\/wp\/v2\/pages"}],"about":[{"href":"https:\/\/presses-itcj.ci\/index.php\/wp-json\/wp\/v2\/types\/page"}],"author":[{"embeddable":true,"href":"https:\/\/presses-itcj.ci\/index.php\/wp-json\/wp\/v2\/users\/1"}],"replies":[{"embeddable":true,"href":"https:\/\/presses-itcj.ci\/index.php\/wp-json\/wp\/v2\/comments?post=1436"}],"version-history":[{"count":13,"href":"https:\/\/presses-itcj.ci\/index.php\/wp-json\/wp\/v2\/pages\/1436\/revisions"}],"predecessor-version":[{"id":1656,"href":"https:\/\/presses-itcj.ci\/index.php\/wp-json\/wp\/v2\/pages\/1436\/revisions\/1656"}],"wp:attachment":[{"href":"https:\/\/presses-itcj.ci\/index.php\/wp-json\/wp\/v2\/media?parent=1436"}],"curies":[{"name":"wp","href":"https:\/\/api.w.org\/{rel}","templated":true}]}}