{"id":1434,"date":"2025-05-10T03:01:27","date_gmt":"2025-05-10T01:01:27","guid":{"rendered":"https:\/\/presses-itcj.ci\/?page_id=1434"},"modified":"2025-08-26T02:15:36","modified_gmt":"2025-08-26T00:15:36","slug":"processus-publication","status":"publish","type":"page","link":"https:\/\/presses-itcj.ci\/index.php\/processus-publication\/","title":{"rendered":"Processus de publication"},"content":{"rendered":"\t\t<div data-elementor-type=\"wp-page\" data-elementor-id=\"1434\" class=\"elementor elementor-1434\">\n\t\t\t\t<div class=\"elementor-element elementor-element-70f9a3d e-flex e-con-boxed e-con e-parent\" data-id=\"70f9a3d\" data-element_type=\"container\" data-e-type=\"container\">\n\t\t\t\t\t<div class=\"e-con-inner\">\n\t\t<div class=\"elementor-element elementor-element-47f3bde e-con-full e-flex e-con e-child\" data-id=\"47f3bde\" data-element_type=\"container\" data-e-type=\"container\">\n\t\t\t\t<div class=\"elementor-element elementor-element-bcbaf96 elementor-widget elementor-widget-text-editor\" data-id=\"bcbaf96\" data-element_type=\"widget\" data-e-type=\"widget\" data-widget_type=\"text-editor.default\">\n\t\t\t\t<div class=\"elementor-widget-container\">\n\t\t\t\t\t\t\t\t\t<p>La dur\u00e9e du processus de publication varie entre 3 et 6 mois. En g\u00e9n\u00e9ral, le processus passe par les \u00e9tapes suivantes pour les ouvrages hors collection :<\/p>\t\t\t\t\t\t\t\t<\/div>\n\t\t\t\t<\/div>\n\t\t\t\t<div class=\"elementor-element elementor-element-3406e35 elementor-widget elementor-widget-image\" data-id=\"3406e35\" data-element_type=\"widget\" data-e-type=\"widget\" data-widget_type=\"image.default\">\n\t\t\t\t<div class=\"elementor-widget-container\">\n\t\t\t\t\t\t\t\t\t\t\t\t\t\t\t<img fetchpriority=\"high\" decoding=\"async\" width=\"747\" height=\"363\" src=\"https:\/\/presses-itcj.ci\/wp-content\/uploads\/2025\/08\/Screenshot-2025-08-26-at-00.11.18.png\" class=\"attachment-large size-large wp-image-1644\" alt=\"\" srcset=\"https:\/\/presses-itcj.ci\/wp-content\/uploads\/2025\/08\/Screenshot-2025-08-26-at-00.11.18.png 747w, https:\/\/presses-itcj.ci\/wp-content\/uploads\/2025\/08\/Screenshot-2025-08-26-at-00.11.18-300x146.png 300w, https:\/\/presses-itcj.ci\/wp-content\/uploads\/2025\/08\/Screenshot-2025-08-26-at-00.11.18-600x292.png 600w\" sizes=\"(max-width: 747px) 100vw, 747px\" \/>\t\t\t\t\t\t\t\t\t\t\t\t\t\t\t<\/div>\n\t\t\t\t<\/div>\n\t\t\t\t<div class=\"elementor-element elementor-element-e1c6149 elementor-widget elementor-widget-text-editor\" data-id=\"e1c6149\" data-element_type=\"widget\" data-e-type=\"widget\" data-widget_type=\"text-editor.default\">\n\t\t\t\t<div class=\"elementor-widget-container\">\n\t\t\t\t\t\t\t\t\t<p>Le processus de publication des num\u00e9ros de revue et les publications des collections commencent \u00e0 partir de l\u2019\u00e9tape 7.<\/p><p>1. Soumission du tapuscrit: L\u2019auteur envoie aux Presses de l\u2019ITCJ son tapuscrit en format PDF et en format Word<br \/>2. Recevabilit\u00e9 ou non du tapuscrit: Le comit\u00e9 \u00e9ditorial des Presses de l\u2019ITCJ examine le tapuscrit et se prononce sur sa recevabilit\u00e9 ou non en fonction de la ligne \u00e9ditoriale des Presses de l\u2019ITCJ. L\u2019auteur en est inform\u00e9 par \u00e9crit.<br \/>3. Signature contrat\/formalit\u00e9s aff\u00e9rentes: Les Presses de l\u2019ITCJ et l\u2019auteur signent le contrat. Cette signature est accompagn\u00e9e du versement de 30% des frais d\u2019\u00e9dition. Le tapuscrit entre officiellement dans le circuit de l\u2019\u00e9dition. <br \/>4. Evaluation critique par des experts: Le tapuscrit est envoy\u00e9 \u00e0 deux experts du domaine dont traite le livre pour une \u00e9valuation critique. Un seul expert suffit, si le tapuscrit a d\u00e9j\u00e0 fait l\u2019objet d\u2019une \u00e9valuation (comit\u00e9 scientifique d\u2019un colloque, proc\u00e8s verbal d\u2019un m\u00e9moire ou th\u00e8se). A l\u2019issue de cette \u00e9valuation, les experts d\u00e9clarent le tapuscrit publiable ou non. S\u2019il n\u2019est pas publiable, le tapuscrit est renvoy\u00e9 \u00e0 l\u2019auteur et le contrat prend fin. S\u2019il est publiable, l\u2019auteur recevra \u2013 s\u2019il y a lieu \u2013 des recommandations pour l\u2019am\u00e9lioration de la qualit\u00e9 du futur ouvrage. <br \/>5. Seconde soumission du tapuscrit: L\u2019auteur soumet \u00e0 nouveau le tapuscrit aux Presses de l\u2019ITCJ apr\u00e8s avoir int\u00e9gr\u00e9 les recommandations des experts. Toutefois, il est libre d\u2019en tenir compte ou non. S\u2019il ne tient pas compte des justifications, il doit en fournir les raisons aux Presses de l\u2019ITCJ qui peut les refuser si cela enfreint \u00e0 la rigueur scientifique, \u00e0 l\u2019enseignement de l\u2019Eglise ou est susceptible de causer du tort \u00e0 la maison d\u2019\u00e9dition. <\/p>\t\t\t\t\t\t\t\t<\/div>\n\t\t\t\t<\/div>\n\t\t\t\t<\/div>\n\t\t<div class=\"elementor-element elementor-element-a2d8bb2 e-con-full e-flex e-con e-child\" data-id=\"a2d8bb2\" data-element_type=\"container\" data-e-type=\"container\">\n\t\t\t\t<div class=\"elementor-element elementor-element-116fb5f elementor-widget elementor-widget-text-editor\" data-id=\"116fb5f\" data-element_type=\"widget\" data-e-type=\"widget\" data-widget_type=\"text-editor.default\">\n\t\t\t\t<div class=\"elementor-widget-container\">\n\t\t\t\t\t\t\t\t\t<p>6. Travail \u00e9ditorial: Il consiste en la correction rigoureuse du texte, en la \u201echasse aux coquilles\u201c et en la mise en forme du texte. L\u2019auteur valide ou non les corrections, parcourt lui-m\u00eame son tapuscrit et le soumet une troisi\u00e8me fois aux Presses de l\u2018ITCJ.<br \/>7. Travail technique: Il consiste en l\u2019infographie du tapuscrit, c\u2019est-\u00e0-dire en la mise en page, en la production de cr\u00e9as pour la couverture et la quatri\u00e8me de couverture, en la d\u00e9termination du prix de vente de l\u2019ouvrage de commun accord avec l\u2019auteur, en la v\u00e9rification du BAT (Bon \u00e0 tirer) par les Presses de l\u2019ITCJ, v\u00e9rification qui doit \u00eatre valid\u00e9e par l\u2019auteur. Le d\u00e9p\u00f4t l\u00e9gal de l\u2019ouvrage se fait ensuite.<br \/>8. Impression: L\u2019ouvrage est imprim\u00e9 par une imprimerie partenaire dont la qualit\u00e9 de production r\u00e9pond aux exigences de qualit\u00e9 des Presses de l\u2019ITCJ. Une fois sous presses, la publicit\u00e9 de l\u2019ouvrage est lanc\u00e9e, entre autres par une affiche \u201evient de paraitre\u201c produite par le service diffusion et distribution contenant la couverture, le nom de l\u2019auteur, le prix et un r\u00e9sum\u00e9 de l\u2019ouvrage. Des vid\u00e9os de pr\u00e9sentation de l\u2019ouvrage destin\u00e9es \u00e0 \u00eatre diffus\u00e9es sur le site web et les r\u00e9seaux sociaux des Presses de l\u2019ITCJ, l\u2019inscription de l\u2019ouvrage dans le catalogue des Presses de l\u2019ITCJ comptent au nombre des strat\u00e9gies publicitaires. <br \/>9. Livraison: L\u2019ouvrage imprim\u00e9 est livr\u00e9 aux Presses de l\u2019ITCJ qui se charge de v\u00e9rifier la qualit\u00e9 de chaque exemplaire avant de les livrer \u00e0 l\u2019auteur. Avec la livraison, le contrat \u00e0 compte d\u2019auteur prend fin.<br \/>10. Diffusion et distribution: Cette derni\u00e8re \u00e9tape du processus de publication ne compte que pour les contrats \u00e0 compte d\u2019\u00e9diteur. Pour s\u2019assurer de la diffusion (vulgarisation du contenu) et de la distribution (vente, abonnement) de l\u2019ouvrage, des \u00e9missions audio-visuels sont organis\u00e9es et diffus\u00e9 dans les radios et t\u00e9l\u00e9visions partenaires, ainsi que sur le site et les r\u00e9seaux sociaux. Outre cela, des d\u00e9dicaces-livre ainsi que des expositions-vente sont organis\u00e9s. Les produits des vente sont revers\u00e9s \u00e0 l\u2019auteur deux fois dans l\u2019ann\u00e9e (octobre et juin). En fonction de l\u2019\u00e9volution des vente, les Presses de l\u2019ITCJ se r\u00e9servent le droit de conseiller une r\u00e9impression, une deuxi\u00e8me \u00e9dition ou de retroc\u00e9der les invendus.<\/p><p>\u00a0<\/p>\t\t\t\t\t\t\t\t<\/div>\n\t\t\t\t<\/div>\n\t\t\t\t<\/div>\n\t\t\t\t\t<\/div>\n\t\t\t\t<\/div>\n\t\t\t\t<\/div>\n\t\t","protected":false},"excerpt":{"rendered":"<p>La dur\u00e9e du processus de publication varie entre 3 et 6 mois. En g\u00e9n\u00e9ral, le processus passe par les \u00e9tapes suivantes pour les ouvrages hors collection : Le processus de publication des num\u00e9ros de revue et les publications des collections commencent \u00e0 partir de l\u2019\u00e9tape 7. 1. Soumission du tapuscrit: L\u2019auteur envoie aux Presses de <\/p>\n","protected":false},"author":1,"featured_media":0,"parent":0,"menu_order":0,"comment_status":"closed","ping_status":"closed","template":"bookland_homepage.php","meta":{"footnotes":""},"class_list":["post-1434","page","type-page","status-publish","hentry"],"_links":{"self":[{"href":"https:\/\/presses-itcj.ci\/index.php\/wp-json\/wp\/v2\/pages\/1434","targetHints":{"allow":["GET"]}}],"collection":[{"href":"https:\/\/presses-itcj.ci\/index.php\/wp-json\/wp\/v2\/pages"}],"about":[{"href":"https:\/\/presses-itcj.ci\/index.php\/wp-json\/wp\/v2\/types\/page"}],"author":[{"embeddable":true,"href":"https:\/\/presses-itcj.ci\/index.php\/wp-json\/wp\/v2\/users\/1"}],"replies":[{"embeddable":true,"href":"https:\/\/presses-itcj.ci\/index.php\/wp-json\/wp\/v2\/comments?post=1434"}],"version-history":[{"count":11,"href":"https:\/\/presses-itcj.ci\/index.php\/wp-json\/wp\/v2\/pages\/1434\/revisions"}],"predecessor-version":[{"id":1650,"href":"https:\/\/presses-itcj.ci\/index.php\/wp-json\/wp\/v2\/pages\/1434\/revisions\/1650"}],"wp:attachment":[{"href":"https:\/\/presses-itcj.ci\/index.php\/wp-json\/wp\/v2\/media?parent=1434"}],"curies":[{"name":"wp","href":"https:\/\/api.w.org\/{rel}","templated":true}]}}