{"id":10,"date":"2025-05-10T02:43:33","date_gmt":"2025-05-10T00:43:33","guid":{"rendered":"https:\/\/presses-itcj.ci\/index.php\/panier\/"},"modified":"2025-10-14T00:31:34","modified_gmt":"2025-10-13T22:31:34","slug":"panier","status":"publish","type":"page","link":"https:\/\/presses-itcj.ci\/index.php\/panier\/","title":{"rendered":"Panier"},"content":{"rendered":"\n<div data-block-name=\"woocommerce\/cart\" class=\"wp-block-woocommerce-cart alignwide is-loading\">\n<div data-block-name=\"woocommerce\/filled-cart-block\" class=\"wp-block-woocommerce-filled-cart-block\">\n<div data-block-name=\"woocommerce\/cart-items-block\" class=\"wp-block-woocommerce-cart-items-block\">\n<div data-block-name=\"woocommerce\/cart-line-items-block\" class=\"wp-block-woocommerce-cart-line-items-block\"><\/div>\n\n\n\n<div data-block-name=\"woocommerce\/cart-cross-sells-block\" class=\"wp-block-woocommerce-cart-cross-sells-block\">\n<h2 class=\"wp-block-heading has-large-font-size\">\u00c7a peut vous int\u00e9resser&#8230;<\/h2>\n\n\n\n<div data-block-name=\"woocommerce\/cart-cross-sells-products-block\" class=\"wp-block-woocommerce-cart-cross-sells-products-block\"><\/div>\n<\/div>\n<\/div>\n\n\n\n<div data-block-name=\"woocommerce\/cart-totals-block\" class=\"wp-block-woocommerce-cart-totals-block\">\n<div data-block-name=\"woocommerce\/cart-order-summary-block\" class=\"wp-block-woocommerce-cart-order-summary-block\">\n<div data-block-name=\"woocommerce\/cart-order-summary-heading-block\" class=\"wp-block-woocommerce-cart-order-summary-heading-block\"><\/div><div data-block-name=\"woocommerce\/cart-order-summary-coupon-form-block\" class=\"wp-block-woocommerce-cart-order-summary-coupon-form-block\"><\/div><div data-block-name=\"woocommerce\/cart-order-summary-totals-block\" class=\"wp-block-woocommerce-cart-order-summary-totals-block\">\n<div data-block-name=\"woocommerce\/cart-order-summary-subtotal-block\" class=\"wp-block-woocommerce-cart-order-summary-subtotal-block\"><\/div>\n<div data-block-name=\"woocommerce\/cart-order-summary-discount-block\" class=\"wp-block-woocommerce-cart-order-summary-discount-block\"><\/div>\n<div data-block-name=\"woocommerce\/cart-order-summary-fee-block\" class=\"wp-block-woocommerce-cart-order-summary-fee-block\"><\/div>\n<div data-block-name=\"woocommerce\/cart-order-summary-shipping-block\" class=\"wp-block-woocommerce-cart-order-summary-shipping-block\"><\/div>\n<div data-block-name=\"woocommerce\/cart-order-summary-taxes-block\" class=\"wp-block-woocommerce-cart-order-summary-taxes-block\"><\/div><\/div>\n<\/div>\n\n\n\n<div data-block-name=\"woocommerce\/cart-express-payment-block\" class=\"wp-block-woocommerce-cart-express-payment-block\"><\/div>\n\n\n\n<div data-block-name=\"woocommerce\/proceed-to-checkout-block\" class=\"wp-block-woocommerce-proceed-to-checkout-block\"><\/div>\n\n\n\n<div data-block-name=\"woocommerce\/cart-accepted-payment-methods-block\" class=\"wp-block-woocommerce-cart-accepted-payment-methods-block\"><\/div>\n<\/div>\n<\/div>\n\n\n\n<div data-block-name=\"woocommerce\/empty-cart-block\" class=\"wp-block-woocommerce-empty-cart-block\">\n<h2 class=\"wp-block-heading has-text-align-center with-empty-cart-icon wc-block-cart__empty-cart__title\">Votre panier est actuellement vide\u00a0!<\/h2>\n\n\n\n<hr class=\"wp-block-separator has-alpha-channel-opacity is-style-dots\"\/>\n\n\n\n<h2 class=\"wp-block-heading has-text-align-center\">Nouveau dans la boutique<\/h2>\n\n\n<div data-block-name=\"woocommerce\/product-new\" data-columns=\"4\" data-rows=\"1\" class=\"wc-block-grid wp-block-product-new wp-block-woocommerce-product-new wc-block-product-new has-4-columns\"><ul class=\"wc-block-grid__products\"><li class=\"wc-block-grid__product\">\n\t\t\t\t<a href=\"https:\/\/presses-itcj.ci\/index.php\/produit\/carrefour-des-exegetes-2\/\" class=\"wc-block-grid__product-link\">\n\t\t\t\t\t\n\t\t\t\t\t<div class=\"wc-block-grid__product-image\"><img fetchpriority=\"high\" decoding=\"async\" width=\"300\" height=\"300\" src=\"https:\/\/presses-itcj.ci\/wp-content\/uploads\/2025\/08\/Carefour-des-exegeses-300x300.jpg\" class=\"attachment-woocommerce_thumbnail size-woocommerce_thumbnail\" alt=\"Carrefour des ex\u00e9g\u00e8tes\" srcset=\"https:\/\/presses-itcj.ci\/wp-content\/uploads\/2025\/08\/Carefour-des-exegeses-300x300.jpg 300w, https:\/\/presses-itcj.ci\/wp-content\/uploads\/2025\/08\/Carefour-des-exegeses-100x100.jpg 100w, https:\/\/presses-itcj.ci\/wp-content\/uploads\/2025\/08\/Carefour-des-exegeses-50x50.jpg 50w\" sizes=\"(max-width: 300px) 100vw, 300px\" \/><\/div>\n\t\t\t\t\t<div class=\"wc-block-grid__product-title\">Carrefour des ex\u00e9g\u00e8tes<\/div>\n\t\t\t\t<\/a>\n\t\t\t\t<div class=\"wc-block-grid__product-price price\"><span class=\"woocommerce-Price-amount amount\">10 000&nbsp;<span class=\"woocommerce-Price-currencySymbol\">CFA<\/span><\/span><\/div>\n\t\t\t\t\n\t\t\t\t<div class=\"wp-block-button wc-block-grid__product-add-to-cart\"><a href=\"\/index.php\/wp-json\/wp\/v2\/pages\/10?add-to-cart=1745\" aria-label=\"Ajouter au panier\u00a0: &ldquo;Carrefour des ex\u00e9g\u00e8tes&rdquo;\" data-quantity=\"1\" data-product_id=\"1745\" data-product_sku=\"\" data-price=\"10000\" rel=\"nofollow\" class=\"wp-block-button__link  add_to_cart_button ajax_add_to_cart\">Ajouter au panier<\/a><\/div>\n\t\t\t<\/li><li class=\"wc-block-grid__product\">\n\t\t\t\t<a href=\"https:\/\/presses-itcj.ci\/index.php\/produit\/interpreting-sacred-texts\/\" class=\"wc-block-grid__product-link\">\n\t\t\t\t\t\n\t\t\t\t\t<div class=\"wc-block-grid__product-image\"><img decoding=\"async\" width=\"300\" height=\"300\" src=\"https:\/\/presses-itcj.ci\/wp-content\/uploads\/2025\/08\/Sacred-Texts-300x300.jpg\" class=\"attachment-woocommerce_thumbnail size-woocommerce_thumbnail\" alt=\"Interpreting Sacred Texts\" srcset=\"https:\/\/presses-itcj.ci\/wp-content\/uploads\/2025\/08\/Sacred-Texts-300x300.jpg 300w, https:\/\/presses-itcj.ci\/wp-content\/uploads\/2025\/08\/Sacred-Texts-100x100.jpg 100w, https:\/\/presses-itcj.ci\/wp-content\/uploads\/2025\/08\/Sacred-Texts-50x50.jpg 50w\" sizes=\"(max-width: 300px) 100vw, 300px\" \/><\/div>\n\t\t\t\t\t<div class=\"wc-block-grid__product-title\">Interpreting Sacred Texts<\/div>\n\t\t\t\t<\/a>\n\t\t\t\t<div class=\"wc-block-grid__product-price price\"><span class=\"woocommerce-Price-amount amount\">10 000&nbsp;<span class=\"woocommerce-Price-currencySymbol\">CFA<\/span><\/span><\/div>\n\t\t\t\t\n\t\t\t\t<div class=\"wp-block-button wc-block-grid__product-add-to-cart\"><a href=\"\/index.php\/wp-json\/wp\/v2\/pages\/10?add-to-cart=1743\" aria-label=\"Ajouter au panier\u00a0: &ldquo;Interpreting Sacred Texts&rdquo;\" data-quantity=\"1\" data-product_id=\"1743\" data-product_sku=\"\" data-price=\"10000\" rel=\"nofollow\" class=\"wp-block-button__link  add_to_cart_button ajax_add_to_cart\">Ajouter au panier<\/a><\/div>\n\t\t\t<\/li><li class=\"wc-block-grid__product\">\n\t\t\t\t<a href=\"https:\/\/presses-itcj.ci\/index.php\/produit\/tout-homme-est-une-histoire-sacree\/\" class=\"wc-block-grid__product-link\">\n\t\t\t\t\t\n\t\t\t\t\t<div class=\"wc-block-grid__product-image\"><img decoding=\"async\" width=\"300\" height=\"300\" src=\"https:\/\/presses-itcj.ci\/wp-content\/uploads\/2025\/08\/Tout-homme-est-une-histoire-sacree-300x300.jpg\" class=\"attachment-woocommerce_thumbnail size-woocommerce_thumbnail\" alt=\"Tout homme est une histoire sacr\u00e9e\" srcset=\"https:\/\/presses-itcj.ci\/wp-content\/uploads\/2025\/08\/Tout-homme-est-une-histoire-sacree-300x300.jpg 300w, https:\/\/presses-itcj.ci\/wp-content\/uploads\/2025\/08\/Tout-homme-est-une-histoire-sacree-100x100.jpg 100w, https:\/\/presses-itcj.ci\/wp-content\/uploads\/2025\/08\/Tout-homme-est-une-histoire-sacree-50x50.jpg 50w\" sizes=\"(max-width: 300px) 100vw, 300px\" \/><\/div>\n\t\t\t\t\t<div class=\"wc-block-grid__product-title\">Tout homme est une histoire sacr\u00e9e<\/div>\n\t\t\t\t<\/a>\n\t\t\t\t<div class=\"wc-block-grid__product-price price\"><span class=\"woocommerce-Price-amount amount\">4 000&nbsp;<span class=\"woocommerce-Price-currencySymbol\">CFA<\/span><\/span><\/div>\n\t\t\t\t\n\t\t\t\t<div class=\"wp-block-button wc-block-grid__product-add-to-cart\"><a href=\"\/index.php\/wp-json\/wp\/v2\/pages\/10?add-to-cart=1739\" aria-label=\"Ajouter au panier\u00a0: &ldquo;Tout homme est une histoire sacr\u00e9e&rdquo;\" data-quantity=\"1\" data-product_id=\"1739\" data-product_sku=\"\" data-price=\"4000\" rel=\"nofollow\" class=\"wp-block-button__link  add_to_cart_button ajax_add_to_cart\">Ajouter au panier<\/a><\/div>\n\t\t\t<\/li><li class=\"wc-block-grid__product\">\n\t\t\t\t<a href=\"https:\/\/presses-itcj.ci\/index.php\/produit\/pour-une-societe-juste-et-fraternelle-penser-lalterite-au-dela-de-letre\/\" class=\"wc-block-grid__product-link\">\n\t\t\t\t\t\n\t\t\t\t\t<div class=\"wc-block-grid__product-image\"><img loading=\"lazy\" decoding=\"async\" width=\"300\" height=\"300\" src=\"https:\/\/presses-itcj.ci\/wp-content\/uploads\/2025\/08\/Pour-une-societe-juste-et-fraternelle-300x300.jpg\" class=\"attachment-woocommerce_thumbnail size-woocommerce_thumbnail\" alt=\"Pour une soci\u00e9t\u00e9 juste et fraternelle : penser l\u2019alt\u00e9rit\u00e9 Au-del\u00e0 de l\u2019\u00catre\" srcset=\"https:\/\/presses-itcj.ci\/wp-content\/uploads\/2025\/08\/Pour-une-societe-juste-et-fraternelle-300x300.jpg 300w, https:\/\/presses-itcj.ci\/wp-content\/uploads\/2025\/08\/Pour-une-societe-juste-et-fraternelle-100x100.jpg 100w, https:\/\/presses-itcj.ci\/wp-content\/uploads\/2025\/08\/Pour-une-societe-juste-et-fraternelle-50x50.jpg 50w\" sizes=\"(max-width: 300px) 100vw, 300px\" \/><\/div>\n\t\t\t\t\t<div class=\"wc-block-grid__product-title\">Pour une soci\u00e9t\u00e9 juste et fraternelle : penser l\u2019alt\u00e9rit\u00e9 Au-del\u00e0 de l\u2019\u00catre<\/div>\n\t\t\t\t<\/a>\n\t\t\t\t<div class=\"wc-block-grid__product-price price\"><span class=\"woocommerce-Price-amount amount\">4 000&nbsp;<span class=\"woocommerce-Price-currencySymbol\">CFA<\/span><\/span><\/div>\n\t\t\t\t\n\t\t\t\t<div class=\"wp-block-button wc-block-grid__product-add-to-cart\"><a href=\"\/index.php\/wp-json\/wp\/v2\/pages\/10?add-to-cart=1737\" aria-label=\"Ajouter au panier\u00a0: &ldquo;Pour une soci\u00e9t\u00e9 juste et fraternelle : penser l\u2019alt\u00e9rit\u00e9 Au-del\u00e0 de l\u2019\u00catre&rdquo;\" data-quantity=\"1\" data-product_id=\"1737\" data-product_sku=\"\" data-price=\"4000\" rel=\"nofollow\" class=\"wp-block-button__link  add_to_cart_button ajax_add_to_cart\">Ajouter au panier<\/a><\/div>\n\t\t\t<\/li><\/ul><\/div><\/div>\n<\/div>\n","protected":false},"excerpt":{"rendered":"","protected":false},"author":1,"featured_media":0,"parent":0,"menu_order":0,"comment_status":"closed","ping_status":"closed","template":"","meta":{"footnotes":""},"class_list":["post-10","page","type-page","status-publish","hentry"],"_links":{"self":[{"href":"https:\/\/presses-itcj.ci\/index.php\/wp-json\/wp\/v2\/pages\/10","targetHints":{"allow":["GET"]}}],"collection":[{"href":"https:\/\/presses-itcj.ci\/index.php\/wp-json\/wp\/v2\/pages"}],"about":[{"href":"https:\/\/presses-itcj.ci\/index.php\/wp-json\/wp\/v2\/types\/page"}],"author":[{"embeddable":true,"href":"https:\/\/presses-itcj.ci\/index.php\/wp-json\/wp\/v2\/users\/1"}],"replies":[{"embeddable":true,"href":"https:\/\/presses-itcj.ci\/index.php\/wp-json\/wp\/v2\/comments?post=10"}],"version-history":[{"count":1,"href":"https:\/\/presses-itcj.ci\/index.php\/wp-json\/wp\/v2\/pages\/10\/revisions"}],"predecessor-version":[{"id":14,"href":"https:\/\/presses-itcj.ci\/index.php\/wp-json\/wp\/v2\/pages\/10\/revisions\/14"}],"wp:attachment":[{"href":"https:\/\/presses-itcj.ci\/index.php\/wp-json\/wp\/v2\/media?parent=10"}],"curies":[{"name":"wp","href":"https:\/\/api.w.org\/{rel}","templated":true}]}}